{"id":11194,"date":"2025-10-08T09:52:36","date_gmt":"2025-10-08T07:52:36","guid":{"rendered":"https:\/\/amadix.com\/?page_id=11194"},"modified":"2026-04-17T13:32:39","modified_gmt":"2026-04-17T11:32:39","slug":"pre-checkout","status":"publish","type":"page","link":"https:\/\/amadix.com\/es\/pre-checkout\/","title":{"rendered":"Pre-checKout"},"content":{"rendered":"\t\t<div data-elementor-type=\"wp-page\" data-elementor-id=\"11194\" class=\"elementor elementor-11194\" data-elementor-settings=\"{&quot;ha_cmc_init_switcher&quot;:&quot;no&quot;}\" data-elementor-post-type=\"page\">\n\t\t\t\t\t\t<section class=\"elementor-section elementor-top-section elementor-element elementor-element-1c90af1e elementor-section-height-min-height elementor-section-items-stretch elementor-section-content-middle elementor-section-boxed elementor-section-height-default\" data-id=\"1c90af1e\" data-element_type=\"section\" data-e-type=\"section\" data-settings=\"{&quot;_ha_eqh_enable&quot;:false}\">\n\t\t\t\t\t\t<div class=\"elementor-container elementor-column-gap-no\">\n\t\t\t\t\t<div class=\"elementor-column elementor-col-100 elementor-top-column elementor-element elementor-element-3793a020\" data-id=\"3793a020\" data-element_type=\"column\" data-e-type=\"column\">\n\t\t\t<div class=\"elementor-widget-wrap elementor-element-populated\">\n\t\t\t\t\t\t<div class=\"elementor-element elementor-element-4ec4e703 elementor-widget__width-initial elementor-absolute elementor-widget-tablet__width-initial elementor-widget-mobile__width-initial elementor-hidden-tablet elementor-hidden-mobile ha-has-bg-overlay elementor-invisible elementor-widget elementor-widget-spacer\" data-id=\"4ec4e703\" data-element_type=\"widget\" data-e-type=\"widget\" data-settings=\"{&quot;_position&quot;:&quot;absolute&quot;,&quot;_animation&quot;:&quot;fadeInUp&quot;}\" data-widget_type=\"spacer.default\">\n\t\t\t\t<div class=\"elementor-widget-container\">\n\t\t\t\t\t\t\t<div class=\"elementor-spacer\">\n\t\t\t<div class=\"elementor-spacer-inner\"><\/div>\n\t\t<\/div>\n\t\t\t\t\t\t<\/div>\n\t\t\t\t<\/div>\n\t\t\t\t<div class=\"elementor-element elementor-element-d2fbd5a elementor-widget__width-initial elementor-absolute elementor-widget-tablet__width-initial elementor-widget-mobile__width-initial ha-has-bg-overlay elementor-widget elementor-widget-spacer\" data-id=\"d2fbd5a\" data-element_type=\"widget\" data-e-type=\"widget\" data-settings=\"{&quot;_position&quot;:&quot;absolute&quot;}\" data-widget_type=\"spacer.default\">\n\t\t\t\t<div class=\"elementor-widget-container\">\n\t\t\t\t\t\t\t<div class=\"elementor-spacer\">\n\t\t\t<div class=\"elementor-spacer-inner\"><\/div>\n\t\t<\/div>\n\t\t\t\t\t\t<\/div>\n\t\t\t\t<\/div>\n\t\t\t\t<div class=\"elementor-element elementor-element-b478e29 elementor-widget elementor-widget-heading\" data-id=\"b478e29\" data-element_type=\"widget\" data-e-type=\"widget\" data-widget_type=\"heading.default\">\n\t\t\t\t<div class=\"elementor-widget-container\">\n\t\t\t\t\t<h1 class=\"elementor-heading-title elementor-size-default\">PRE-CHECKOUT<\/h1>\t\t\t\t<\/div>\n\t\t\t\t<\/div>\n\t\t\t\t<div data-dce-title-color=\"#000000\" class=\"elementor-element elementor-element-b6233ce elementor-widget elementor-widget-heading\" data-id=\"b6233ce\" data-element_type=\"widget\" data-e-type=\"widget\" data-widget_type=\"heading.default\">\n\t\t\t\t<div class=\"elementor-widget-container\">\n\t\t\t\t\t<h2 class=\"elementor-heading-title elementor-size-default\">Para seguir con la compra, tenemos que estar seguros de que el producto est\u00e1 indicado para usted<\/h2>\t\t\t\t<\/div>\n\t\t\t\t<\/div>\n\t\t\t\t<section class=\"elementor-section elementor-inner-section elementor-element elementor-element-100b792f elementor-section-boxed elementor-section-height-default elementor-section-height-default\" data-id=\"100b792f\" data-element_type=\"section\" data-e-type=\"section\" data-settings=\"{&quot;_ha_eqh_enable&quot;:false}\">\n\t\t\t\t\t\t<div class=\"elementor-container elementor-column-gap-default\">\n\t\t\t\t\t<div class=\"elementor-column elementor-col-100 elementor-inner-column elementor-element elementor-element-6ee5bc86\" data-id=\"6ee5bc86\" data-element_type=\"column\" data-e-type=\"column\">\n\t\t\t<div class=\"elementor-widget-wrap elementor-element-populated\">\n\t\t\t\t\t\t<div class=\"elementor-element elementor-element-365768c elementor-button-align-center elementor-widget elementor-widget-form\" data-id=\"365768c\" data-element_type=\"widget\" data-e-type=\"widget\" id=\"my_quiz_form\" data-settings=\"{&quot;step_next_label&quot;:&quot;Siguiente&quot;,&quot;step_previous_label&quot;:&quot;Anterior&quot;,&quot;button_width&quot;:&quot;100&quot;,&quot;step_type&quot;:&quot;number_text&quot;,&quot;step_icon_shape&quot;:&quot;circle&quot;,&quot;label_icon_size&quot;:{&quot;unit&quot;:&quot;px&quot;,&quot;size&quot;:&quot;&quot;,&quot;sizes&quot;:[]},&quot;field_icon_size&quot;:{&quot;unit&quot;:&quot;px&quot;,&quot;size&quot;:&quot;&quot;,&quot;sizes&quot;:[]}}\" data-widget_type=\"form.default\">\n\t\t\t\t<div class=\"elementor-widget-container\">\n\t\t\t\t\t<div class=\"dce-conditions-js-error-notice elementor-message elementor-message-danger\" style=\"display: none;\">A problem was detected in the following Form. Submitting it could result in errors. Please contact the site administrator.<\/div>\t\t\t<script>\n\t\t\tsetTimeout(function() {\n\t\t\t\tlet el = document.querySelector(\".dce-conditions-js-error-notice\");\n\t\t\t\tif (el)\n\t\t\t\t\tel.style.display = \"block\";\n\t\t\t}, 6000);\n\t\t\t<\/script>\t\t<form class=\"elementor-form\" method=\"post\" name=\"Nuevo formulario\" aria-label=\"Nuevo formulario\">\n\t\t\t<input type=\"hidden\" name=\"post_id\" value=\"11194\"\/>\n\t\t\t<input type=\"hidden\" name=\"form_id\" value=\"365768c\"\/>\n\t\t\t<input type=\"hidden\" name=\"referer_title\" value=\"Amadix\" \/>\n\n\t\t\t\n\t\t\t<div data-field-conditions=\"[{&quot;id&quot;:&quot;pregunta2&quot;,&quot;condition&quot;:&quot;(pregunta1 == \\&quot;Si\\&quot;)&quot;,&quot;mode&quot;:&quot;show&quot;,&quot;disableOnly&quot;:false},{&quot;id&quot;:&quot;pregunta3&quot;,&quot;condition&quot;:&quot;(pregunta2 matches \\&quot;\\\/ninguna \\\/\\&quot;)&quot;,&quot;mode&quot;:&quot;show&quot;,&quot;disableOnly&quot;:false}]\" data-field-ids=\"[&quot;pregunta1&quot;,&quot;pregunta2&quot;,&quot;pregunta3&quot;]\" class=\"elementor-form-fields-wrapper elementor-labels-above\">\n\t\t\t\t\t\t\t\t<div class=\"elementor-field-type-radio elementor-field-group elementor-column elementor-field-group-pregunta1 elementor-col-100 elementor-field-required\">\n\t\t\t\t\t\t\t\t\t\t\t\t<label for=\"form-field-pregunta1\" class=\"elementor-field-label\">\n\t\t\t\t\t\t\t\t\u00bfTiene usted entre 50 y 75 a\u00f1os?\t\t\t\t\t\t\t<\/label>\n\t\t\t\t\t\t<div class=\"elementor-field-subgroup  \"><span class=\"elementor-field-option\"><input type=\"radio\" value=\"Si\" id=\"form-field-pregunta1-0\" name=\"form_fields[pregunta1]\" required=\"required\"> <label for=\"form-field-pregunta1-0\">Si<\/label><\/span><span class=\"elementor-field-option\"><input type=\"radio\" value=\"No\" id=\"form-field-pregunta1-1\" name=\"form_fields[pregunta1]\" required=\"required\"> <label for=\"form-field-pregunta1-1\">No<\/label><\/span><\/div>\t\t\t\t<\/div>\n\t\t\t\t\t\t\t\t<div class=\"elementor-field-type-radio elementor-field-group elementor-column elementor-field-group-pregunta2 elementor-col-100 elementor-field-required\">\n\t\t\t\t\t\t\t\t\t\t\t\t<label for=\"form-field-pregunta2\" class=\"elementor-field-label\">\n\t\t\t\t\t\t\t\tMarque si tiene alguno de estos antecedentes personales\t\t\t\t\t\t\t<\/label>\n\t\t\t\t\t\t<div class=\"elementor-field-subgroup  \"><span class=\"elementor-field-option\"><input type=\"radio\" value=\"Enfermedad inflamatoria intestinal (ej. Enfermedad de Crohn o colitis ulcerosa)\" id=\"form-field-pregunta2-0\" name=\"form_fields[pregunta2]\" required=\"required\"> <label for=\"form-field-pregunta2-0\">Enfermedad inflamatoria intestinal (ej. Enfermedad de Crohn o colitis ulcerosa)<\/label><\/span><span class=\"elementor-field-option\"><input type=\"radio\" value=\"Cualquier tipo de c\u00e1ncer, incluyendo c\u00e1ncer colorrectal o p\u00f3lipos colorrectales en los \u00faltimos 5 a\u00f1os\" id=\"form-field-pregunta2-1\" name=\"form_fields[pregunta2]\" required=\"required\"> <label for=\"form-field-pregunta2-1\">Cualquier tipo de c\u00e1ncer, incluyendo c\u00e1ncer colorrectal o p\u00f3lipos colorrectales en los \u00faltimos 5 a\u00f1os<\/label><\/span><span class=\"elementor-field-option\"><input type=\"radio\" value=\"Tratamiento de quimioterapia o radioterapia en los \u00faltimos 5 a\u00f1os\" id=\"form-field-pregunta2-2\" name=\"form_fields[pregunta2]\" required=\"required\"> <label for=\"form-field-pregunta2-2\">Tratamiento de quimioterapia o radioterapia en los \u00faltimos 5 a\u00f1os<\/label><\/span><span class=\"elementor-field-option\"><input type=\"radio\" value=\"S\u00edndrome de origen gen\u00e9tico como poliposis adenomatosa familiar o c\u00e1ncer colorrectal hereditario no polip\u00f3sico (s\u00edndrome de Lynch)\" id=\"form-field-pregunta2-3\" name=\"form_fields[pregunta2]\" required=\"required\"> <label for=\"form-field-pregunta2-3\">S\u00edndrome de origen gen\u00e9tico como poliposis adenomatosa familiar o c\u00e1ncer colorrectal hereditario no polip\u00f3sico (s\u00edndrome de Lynch)<\/label><\/span><span class=\"elementor-field-option\"><input type=\"radio\" value=\"No tengo ninguna de estas patolog\u00edas\" id=\"form-field-pregunta2-4\" name=\"form_fields[pregunta2]\" required=\"required\"> <label for=\"form-field-pregunta2-4\">No tengo ninguna de estas patolog\u00edas<\/label><\/span><\/div>\t\t\t\t<\/div>\n\t\t\t\t\t\t\t\t<div class=\"elementor-field-type-radio elementor-field-group elementor-column elementor-field-group-pregunta3 elementor-col-100 elementor-field-required\">\n\t\t\t\t\t\t\t\t\t\t\t\t<label for=\"form-field-pregunta3\" class=\"elementor-field-label\">\n\t\t\t\t\t\t\t\tMarque si tiene antecedentes familiares de c\u00e1ncer colorrectal (dos o m\u00e1s miembros de primer grado: padres, hermanos o  hijos)\t\t\t\t\t\t\t<\/label>\n\t\t\t\t\t\t<div class=\"elementor-field-subgroup  \"><span class=\"elementor-field-option\"><input type=\"radio\" value=\"Si tengo\" id=\"form-field-pregunta3-0\" name=\"form_fields[pregunta3]\" required=\"required\"> <label for=\"form-field-pregunta3-0\">Si tengo<\/label><\/span><span class=\"elementor-field-option\"><input type=\"radio\" value=\"No tengo\" id=\"form-field-pregunta3-1\" name=\"form_fields[pregunta3]\" required=\"required\"> <label for=\"form-field-pregunta3-1\">No tengo<\/label><\/span><\/div>\t\t\t\t<\/div>\n\t\t\t\t\t\t\t\t<div class=\"elementor-field-group elementor-column elementor-field-type-submit elementor-col-100 e-form__buttons\">\n\t\t\t\t\t<button class=\"elementor-button elementor-size-sm\" type=\"submit\">\n\t\t\t\t\t\t<span class=\"elementor-button-content-wrapper\">\n\t\t\t\t\t\t\t\t\t\t\t\t\t\t\t\t\t\t\t\t\t\t<span class=\"elementor-button-text\">Enviar repuesta<\/span>\n\t\t\t\t\t\t\t\t\t\t\t\t\t<\/span>\n\t\t\t\t\t<\/button>\n\t\t\t\t<\/div>\n\t\t\t<\/div>\n\t\t<\/form>\n\t\t\t\t\t\t<\/div>\n\t\t\t\t<\/div>\n\t\t\t\t\t<\/div>\n\t\t<\/div>\n\t\t\t\t\t<\/div>\n\t\t<\/section>\n\t\t\t\t<div data-dce-text-color=\"#171616\" class=\"elementor-element elementor-element-4e94bc06 elementor-widget elementor-widget-text-editor\" data-id=\"4e94bc06\" data-element_type=\"widget\" data-e-type=\"widget\" data-widget_type=\"text-editor.default\">\n\t\t\t\t<div class=\"elementor-widget-container\">\n\t\t\t\t\t\t\t\t\t<p>Marque las opciones correctas en el siguiente cuestionario<\/p>\t\t\t\t\t\t\t\t<\/div>\n\t\t\t\t<\/div>\n\t\t\t\t\t<\/div>\n\t\t<\/div>\n\t\t\t\t\t<\/div>\n\t\t<\/section>\n\t\t\t\t<\/div>\n\t\t","protected":false},"excerpt":{"rendered":"<p>PRE-CHECKOUT Para seguir con la compra, tenemos que estar seguros de que el producto est\u00e1 indicado para usted Marque las opciones correctas en el siguiente cuestionario<\/p>\n","protected":false},"author":9,"featured_media":0,"parent":0,"menu_order":0,"comment_status":"closed","ping_status":"closed","template":"","meta":{"_acf_changed":false,"inline_featured_image":false,"site-sidebar-layout":"no-sidebar","site-content-layout":"page-builder","ast-site-content-layout":"full-width-container","site-content-style":"default","site-sidebar-style":"default","ast-global-header-display":"","ast-banner-title-visibility":"","ast-main-header-display":"","ast-hfb-above-header-display":"","ast-hfb-below-header-display":"","ast-hfb-mobile-header-display":"","site-post-title":"","ast-breadcrumbs-content":"","ast-featured-img":"disabled","footer-sml-layout":"","ast-disable-related-posts":"","theme-transparent-header-meta":"default","adv-header-id-meta":"","stick-header-meta":"","header-above-stick-meta":"","header-main-stick-meta":"","header-below-stick-meta":"","astra-migrate-meta-layouts":"set","ast-page-background-enabled":"default","ast-page-background-meta":{"desktop":{"background-color":"var(--ast-global-color-4)","background-image":"","background-repeat":"repeat","background-position":"center center","background-size":"auto","background-attachment":"scroll","background-type":"","background-media":"","overlay-type":"","overlay-color":"","overlay-opacity":"","overlay-gradient":""},"tablet":{"background-color":"","background-image":"","background-repeat":"repeat","background-position":"center center","background-size":"auto","background-attachment":"scroll","background-type":"","background-media":"","overlay-type":"","overlay-color":"","overlay-opacity":"","overlay-gradient":""},"mobile":{"background-color":"","background-image":"","background-repeat":"repeat","background-position":"center center","background-size":"auto","background-attachment":"scroll","background-type":"","background-media":"","overlay-type":"","overlay-color":"","overlay-opacity":"","overlay-gradient":""}},"ast-content-background-meta":{"desktop":{"background-color":"var(--ast-global-color-5)","background-image":"","background-repeat":"repeat","background-position":"center center","background-size":"auto","background-attachment":"scroll","background-type":"","background-media":"","overlay-type":"","overlay-color":"","overlay-opacity":"","overlay-gradient":""},"tablet":{"background-color":"var(--ast-global-color-5)","background-image":"","background-repeat":"repeat","background-position":"center center","background-size":"auto","background-attachment":"scroll","background-type":"","background-media":"","overlay-type":"","overlay-color":"","overlay-opacity":"","overlay-gradient":""},"mobile":{"background-color":"var(--ast-global-color-5)","background-image":"","background-repeat":"repeat","background-position":"center center","background-size":"auto","background-attachment":"scroll","background-type":"","background-media":"","overlay-type":"","overlay-color":"","overlay-opacity":"","overlay-gradient":""}},"_joinchat":[],"footnotes":""},"class_list":["post-11194","page","type-page","status-publish","hentry"],"acf":[],"yoast_head":"<!-- This site is optimized with the Yoast SEO plugin v27.4 - https:\/\/yoast.com\/product\/yoast-seo-wordpress\/ -->\n<title>Pre-checKout - Amadix<\/title>\n<meta name=\"robots\" content=\"noindex, nofollow\" \/>\n<meta property=\"og:locale\" content=\"es_ES\" \/>\n<meta property=\"og:type\" content=\"article\" \/>\n<meta property=\"og:title\" content=\"Pre-checKout - Amadix\" \/>\n<meta property=\"og:description\" content=\"PRE-CHECKOUT Para seguir con la compra, tenemos que estar seguros de que el producto est\u00e1 indicado para usted Marque las opciones correctas en el siguiente cuestionario\" \/>\n<meta property=\"og:url\" content=\"https:\/\/amadix.com\/es\/pre-checkout\/\" \/>\n<meta property=\"og:site_name\" content=\"Amadix\" \/>\n<meta property=\"article:modified_time\" content=\"2026-04-17T11:32:39+00:00\" \/>\n<meta name=\"twitter:card\" content=\"summary_large_image\" \/>\n<meta name=\"twitter:label1\" content=\"Tiempo de lectura\" \/>\n\t<meta name=\"twitter:data1\" content=\"1 minuto\" \/>\n<script type=\"application\/ld+json\" class=\"yoast-schema-graph\">{\"@context\":\"https:\\\/\\\/schema.org\",\"@graph\":[{\"@type\":\"WebPage\",\"@id\":\"https:\\\/\\\/amadix.com\\\/es\\\/pre-checkout\\\/\",\"url\":\"https:\\\/\\\/amadix.com\\\/es\\\/pre-checkout\\\/\",\"name\":\"Pre-checKout - Amadix\",\"isPartOf\":{\"@id\":\"https:\\\/\\\/amadix.com\\\/es\\\/#website\"},\"datePublished\":\"2025-10-08T07:52:36+00:00\",\"dateModified\":\"2026-04-17T11:32:39+00:00\",\"breadcrumb\":{\"@id\":\"https:\\\/\\\/amadix.com\\\/es\\\/pre-checkout\\\/#breadcrumb\"},\"inLanguage\":\"es\",\"potentialAction\":[{\"@type\":\"ReadAction\",\"target\":[\"https:\\\/\\\/amadix.com\\\/es\\\/pre-checkout\\\/\"]}]},{\"@type\":\"BreadcrumbList\",\"@id\":\"https:\\\/\\\/amadix.com\\\/es\\\/pre-checkout\\\/#breadcrumb\",\"itemListElement\":[{\"@type\":\"ListItem\",\"position\":1,\"name\":\"Portada\",\"item\":\"https:\\\/\\\/amadix.com\\\/es\\\/inicio\\\/\"},{\"@type\":\"ListItem\",\"position\":2,\"name\":\"Pre-checKout\"}]},{\"@type\":\"WebSite\",\"@id\":\"https:\\\/\\\/amadix.com\\\/es\\\/#website\",\"url\":\"https:\\\/\\\/amadix.com\\\/es\\\/\",\"name\":\"Amadix\",\"description\":\"\",\"publisher\":{\"@id\":\"https:\\\/\\\/amadix.com\\\/es\\\/#organization\"},\"potentialAction\":[{\"@type\":\"SearchAction\",\"target\":{\"@type\":\"EntryPoint\",\"urlTemplate\":\"https:\\\/\\\/amadix.com\\\/es\\\/?s={search_term_string}\"},\"query-input\":{\"@type\":\"PropertyValueSpecification\",\"valueRequired\":true,\"valueName\":\"search_term_string\"}}],\"inLanguage\":\"es\"},{\"@type\":\"Organization\",\"@id\":\"https:\\\/\\\/amadix.com\\\/es\\\/#organization\",\"name\":\"Amadix\",\"url\":\"https:\\\/\\\/amadix.com\\\/es\\\/\",\"logo\":{\"@type\":\"ImageObject\",\"inLanguage\":\"es\",\"@id\":\"https:\\\/\\\/amadix.com\\\/es\\\/#\\\/schema\\\/logo\\\/image\\\/\",\"url\":\"https:\\\/\\\/amadix.com\\\/wp-content\\\/uploads\\\/2022\\\/05\\\/logo_amadix_dark.svg\",\"contentUrl\":\"https:\\\/\\\/amadix.com\\\/wp-content\\\/uploads\\\/2022\\\/05\\\/logo_amadix_dark.svg\",\"width\":172,\"height\":120,\"caption\":\"Amadix\"},\"image\":{\"@id\":\"https:\\\/\\\/amadix.com\\\/es\\\/#\\\/schema\\\/logo\\\/image\\\/\"}}]}<\/script>\n<!-- \/ Yoast SEO plugin. -->","yoast_head_json":{"title":"Pre-checKout - Amadix","robots":{"index":"noindex","follow":"nofollow"},"og_locale":"es_ES","og_type":"article","og_title":"Pre-checKout - Amadix","og_description":"PRE-CHECKOUT Para seguir con la compra, tenemos que estar seguros de que el producto est\u00e1 indicado para usted Marque las opciones correctas en el siguiente cuestionario","og_url":"https:\/\/amadix.com\/es\/pre-checkout\/","og_site_name":"Amadix","article_modified_time":"2026-04-17T11:32:39+00:00","twitter_card":"summary_large_image","twitter_misc":{"Tiempo de lectura":"1 minuto"},"schema":{"@context":"https:\/\/schema.org","@graph":[{"@type":"WebPage","@id":"https:\/\/amadix.com\/es\/pre-checkout\/","url":"https:\/\/amadix.com\/es\/pre-checkout\/","name":"Pre-checKout - Amadix","isPartOf":{"@id":"https:\/\/amadix.com\/es\/#website"},"datePublished":"2025-10-08T07:52:36+00:00","dateModified":"2026-04-17T11:32:39+00:00","breadcrumb":{"@id":"https:\/\/amadix.com\/es\/pre-checkout\/#breadcrumb"},"inLanguage":"es","potentialAction":[{"@type":"ReadAction","target":["https:\/\/amadix.com\/es\/pre-checkout\/"]}]},{"@type":"BreadcrumbList","@id":"https:\/\/amadix.com\/es\/pre-checkout\/#breadcrumb","itemListElement":[{"@type":"ListItem","position":1,"name":"Portada","item":"https:\/\/amadix.com\/es\/inicio\/"},{"@type":"ListItem","position":2,"name":"Pre-checKout"}]},{"@type":"WebSite","@id":"https:\/\/amadix.com\/es\/#website","url":"https:\/\/amadix.com\/es\/","name":"Amadix","description":"","publisher":{"@id":"https:\/\/amadix.com\/es\/#organization"},"potentialAction":[{"@type":"SearchAction","target":{"@type":"EntryPoint","urlTemplate":"https:\/\/amadix.com\/es\/?s={search_term_string}"},"query-input":{"@type":"PropertyValueSpecification","valueRequired":true,"valueName":"search_term_string"}}],"inLanguage":"es"},{"@type":"Organization","@id":"https:\/\/amadix.com\/es\/#organization","name":"Amadix","url":"https:\/\/amadix.com\/es\/","logo":{"@type":"ImageObject","inLanguage":"es","@id":"https:\/\/amadix.com\/es\/#\/schema\/logo\/image\/","url":"https:\/\/amadix.com\/wp-content\/uploads\/2022\/05\/logo_amadix_dark.svg","contentUrl":"https:\/\/amadix.com\/wp-content\/uploads\/2022\/05\/logo_amadix_dark.svg","width":172,"height":120,"caption":"Amadix"},"image":{"@id":"https:\/\/amadix.com\/es\/#\/schema\/logo\/image\/"}}]}},"_links":{"self":[{"href":"https:\/\/amadix.com\/es\/wp-json\/wp\/v2\/pages\/11194","targetHints":{"allow":["GET"]}}],"collection":[{"href":"https:\/\/amadix.com\/es\/wp-json\/wp\/v2\/pages"}],"about":[{"href":"https:\/\/amadix.com\/es\/wp-json\/wp\/v2\/types\/page"}],"author":[{"embeddable":true,"href":"https:\/\/amadix.com\/es\/wp-json\/wp\/v2\/users\/9"}],"replies":[{"embeddable":true,"href":"https:\/\/amadix.com\/es\/wp-json\/wp\/v2\/comments?post=11194"}],"version-history":[{"count":168,"href":"https:\/\/amadix.com\/es\/wp-json\/wp\/v2\/pages\/11194\/revisions"}],"predecessor-version":[{"id":11877,"href":"https:\/\/amadix.com\/es\/wp-json\/wp\/v2\/pages\/11194\/revisions\/11877"}],"wp:attachment":[{"href":"https:\/\/amadix.com\/es\/wp-json\/wp\/v2\/media?parent=11194"}],"curies":[{"name":"wp","href":"https:\/\/api.w.org\/{rel}","templated":true}]}}